{"id":671,"date":"2021-04-16T08:11:31","date_gmt":"2021-04-16T06:11:31","guid":{"rendered":"http:\/\/kamaeleoner.dk\/?page_id=671"},"modified":"2022-01-08T08:47:36","modified_gmt":"2022-01-08T07:47:36","slug":"hvem-er-vi","status":"publish","type":"page","link":"http:\/\/kamaeleoner.dk\/?page_id=671","title":{"rendered":"Hvem er vi"},"content":{"rendered":"\n<style type=\"text\/css\" data-created_by=\"avia_inline_auto\" id=\"style-css-av-t70xr-990dad55296d35c68a8f2267dfab4bf1\">\n.flex_column.av-t70xr-990dad55296d35c68a8f2267dfab4bf1{\nborder-radius:0px 0px 0px 0px;\n-webkit-border-radius:0px 0px 0px 0px;\n-moz-border-radius:0px 0px 0px 0px;\n}\n<\/style>\n<div class='flex_column av-t70xr-990dad55296d35c68a8f2267dfab4bf1 av_one_full  avia-builder-el-0  el_before_av_textblock  avia-builder-el-first  first flex_column_div av-zero-column-padding '   ><style type=\"text\/css\" data-created_by=\"avia_inline_auto\" id=\"style-css-av-knjx2lq3-2f6f3741ddb10fa2d0920f29ea984d67\">\n#top .av-special-heading.av-knjx2lq3-2f6f3741ddb10fa2d0920f29ea984d67{\npadding-bottom:10px;\n}\n<\/style>\n<div  class='av-special-heading av-knjx2lq3-2f6f3741ddb10fa2d0920f29ea984d67 av-special-heading-h1  avia-builder-el-1  avia-builder-el-no-sibling  '><h1 class='av-special-heading-tag '  itemprop=\"headline\"  >Hvem er vi<\/h1><div class='special-heading-border'><div class='special-heading-inner-border'><\/div><\/div><\/div><\/div>\n<section  class='av_textblock_section av-kwub1by0-a053395bc1301f9a73b3bee1ef491efd '  itemscope=\"itemscope\" itemtype=\"https:\/\/schema.org\/CreativeWork\" ><div class='avia_textblock '  itemprop=\"text\" ><p>I 2004 startede jeg en ny dansk hjemmeside, med navnet kamaeleon.frac.dk.<br \/>\nSiden da er der sket meget, bl.a. er navnet skiftet til kamaeleoner.dk, og b\u00e5de design og indhold har f\u00e5et en grundig opdatering.<br \/>\nI 2006 blev jeg udannet dyrepasser med zoodyr som speciale.<br \/>\nMin hustru og jeg har fra 2022 k\u00f8bt Hobro minizoo og \u00e6ndret navnet til Nordisk dyrepark.<br \/>\nJeg er medlem af IUCN\u00b4s species survival commissions chameleon specialist group.<br \/>\nInteressen for kam\u00e6leoner har altid v\u00e6ret der og er kun blevet st\u00e6rkere med \u00e5rene, og der er hele tiden noget nyt, man vil l\u00e6re.<br \/>\nJeg kan bestemt ikke udpege en art, som skulle v\u00e6re mindre sp\u00e6ndende frem for en anden.<br \/>\nInteressen har senere bredt sig til fauna, systematik, sygdom, parasitter osv.<\/p>\n<\/div><\/section>\n\n<style type=\"text\/css\" data-created_by=\"avia_inline_auto\" id=\"style-css-av-kctov-198323061f323d150480db23e1795e7d\">\n.flex_column.av-kctov-198323061f323d150480db23e1795e7d{\nborder-radius:0px 0px 0px 0px;\n-webkit-border-radius:0px 0px 0px 0px;\n-moz-border-radius:0px 0px 0px 0px;\n}\n<\/style>\n<div class='flex_column av-kctov-198323061f323d150480db23e1795e7d av_one_fourth  avia-builder-el-3  el_after_av_textblock  avia-builder-el-last  first flex_column_div av-zero-column-padding column-top-margin'   ><section  class='avia-team-member av-knqamqle-c8652fed0e83ece1898fad4f63aacb72  avia-builder-el-4  avia-builder-el-no-sibling  '  itemscope=\"itemscope\" itemtype=\"https:\/\/schema.org\/Person\" ><div class=\"team-img-container\"><img decoding=\"async\" width=\"239\" height=\"300\" class='wp-image-743 avia-img-lazy-loading-not-743 avia_image avia_image_team' src=\"http:\/\/kamaeleoner.dk\/wp-content\/uploads\/2021\/04\/170433587_10221103526391876_4471142461434221755_n-239x300.jpg\" alt='Niels Pedersen'  itemprop=\"image\" srcset=\"http:\/\/kamaeleoner.dk\/wp-content\/uploads\/2021\/04\/170433587_10221103526391876_4471142461434221755_n-239x300.jpg 239w, http:\/\/kamaeleoner.dk\/wp-content\/uploads\/2021\/04\/170433587_10221103526391876_4471142461434221755_n-819x1030.jpg 819w, http:\/\/kamaeleoner.dk\/wp-content\/uploads\/2021\/04\/170433587_10221103526391876_4471142461434221755_n-768x966.jpg 768w, http:\/\/kamaeleoner.dk\/wp-content\/uploads\/2021\/04\/170433587_10221103526391876_4471142461434221755_n-1221x1536.jpg 1221w, http:\/\/kamaeleoner.dk\/wp-content\/uploads\/2021\/04\/170433587_10221103526391876_4471142461434221755_n-1193x1500.jpg 1193w, http:\/\/kamaeleoner.dk\/wp-content\/uploads\/2021\/04\/170433587_10221103526391876_4471142461434221755_n-561x705.jpg 561w, http:\/\/kamaeleoner.dk\/wp-content\/uploads\/2021\/04\/170433587_10221103526391876_4471142461434221755_n.jpg 1498w\" sizes=\"(max-width: 239px) 100vw, 239px\" \/><\/div><h3 class='team-member-name '  itemprop=\"name\" >Niels Pedersen<\/h3><div class='team-member-description '  itemprop=\"description\" ><p>Manden bag. <\/p>\n<\/div><span class='hidden team-member-affiliation'  itemprop=\"affiliation\" >Kamaleoner.dk<\/span><\/section><\/div>\n","protected":false},"excerpt":{"rendered":"","protected":false},"author":2,"featured_media":743,"parent":0,"menu_order":0,"comment_status":"closed","ping_status":"closed","template":"","meta":{"footnotes":""},"class_list":["post-671","page","type-page","status-publish","has-post-thumbnail","hentry"],"_links":{"self":[{"href":"http:\/\/kamaeleoner.dk\/index.php?rest_route=\/wp\/v2\/pages\/671","targetHints":{"allow":["GET"]}}],"collection":[{"href":"http:\/\/kamaeleoner.dk\/index.php?rest_route=\/wp\/v2\/pages"}],"about":[{"href":"http:\/\/kamaeleoner.dk\/index.php?rest_route=\/wp\/v2\/types\/page"}],"author":[{"embeddable":true,"href":"http:\/\/kamaeleoner.dk\/index.php?rest_route=\/wp\/v2\/users\/2"}],"replies":[{"embeddable":true,"href":"http:\/\/kamaeleoner.dk\/index.php?rest_route=%2Fwp%2Fv2%2Fcomments&post=671"}],"version-history":[{"count":6,"href":"http:\/\/kamaeleoner.dk\/index.php?rest_route=\/wp\/v2\/pages\/671\/revisions"}],"predecessor-version":[{"id":7222,"href":"http:\/\/kamaeleoner.dk\/index.php?rest_route=\/wp\/v2\/pages\/671\/revisions\/7222"}],"wp:featuredmedia":[{"embeddable":true,"href":"http:\/\/kamaeleoner.dk\/index.php?rest_route=\/wp\/v2\/media\/743"}],"wp:attachment":[{"href":"http:\/\/kamaeleoner.dk\/index.php?rest_route=%2Fwp%2Fv2%2Fmedia&parent=671"}],"curies":[{"name":"wp","href":"https:\/\/api.w.org\/{rel}","templated":true}]}}